{"id":223,"date":"2019-02-28T19:15:00","date_gmt":"2019-02-28T18:15:00","guid":{"rendered":"https:\/\/www.funjump.de\/?page_id=223"},"modified":"2019-03-22T15:11:10","modified_gmt":"2019-03-22T14:11:10","slug":"rigging_und_ausruestung","status":"publish","type":"page","link":"https:\/\/www.funjump.de\/en\/rigging_und_ausruestung\/","title":{"rendered":"Rigging &#038; Ausr\u00fcstung"},"content":{"rendered":"<h1>\n\t\tRigging, Ausr\u00fcstung &#038; Shop\n\t<\/h1>\n<h2>\n\t\tWartung und Reparatur von Fallschirmsystemen (Rigging)\n\t<\/h2>\n\t<p>Rigging \u2013 die Wartung von Fallschirmsystemen und das Packen von Reservefallschirmen \u2013 ist Vertrauenssache. Vertrauen bedingt Qualifikation \u2013 und genau die k\u00f6nnen wir seit 1995 bieten. Alle unsere Rigger sind hauptberuflich t\u00e4tig. Sie sind sehr erfahrene und aktive Springer.<\/p>\n<p>Unter Qualifikation verstehen wir auch die kontinuierliche Weiterbildung durch unsere engen Kontakte zu allen gr\u00f6\u00dferen Herstellern von Fallschirmsystemen \u2013 eine Voraussetzung daf\u00fcr, immer auf dem neusten Stand der Fallschirm-Technologie zu sein und L\u00f6sungen f\u00fcr eure fallschirmtechnischen Probleme bieten zu k\u00f6nnen.<\/p>\n<p><strong>Zu unserem Service geh\u00f6rt, neben fachkundiger Beratung:<\/strong><\/p>\n<ul>\n<li>Montage von Neu- und Gebrauchtsystemen<\/li>\n<li>Packen von Reserven (alle Typen, alle Container)<\/li>\n<li>Inspektion und Packen von FAA-zugelassenem Rettungsger\u00e4t (z.B. Rettungsfallschirme amerikanischer Herstellung f\u00fcr Motor- und Segelflugzeuge)<\/li>\n<li>Durchf\u00fchrung s\u00e4mtlicher Reparaturen, Modifikationen und Luftt\u00fcchtigkeitsanweisungen<\/li>\n<li>Durchf\u00fchrung von St\u00fcck- und Nachpr\u00fcfungen<\/li>\n<li>Vermessung und Austausch kompletter Leinens\u00e4tze unter Einsatz modernster Technik<\/li>\n<\/ul>\n<h2>\n\t\tFallschirmsport-Shop\n\t<\/h2>\n\t\t\t\t<a href=\"https:\/\/shop.funjump.de\/\" target=\"_self\" itemprop=\"url\" rel=\"noopener noreferrer\">\n\t\t\t\t<img decoding=\"async\" src=\"https:\/\/www.funjump.de\/wp-content\/uploads\/sites\/3\/2019\/03\/i_rigging_ausruestung_shop.png\" alt=\"i_rigging_ausruestung_shop\" itemprop=\"image\" height=\"350\" width=\"500\" title=\"i_rigging_ausruestung_shop\" onerror=\"this.style.display='none'\"  \/>\n\t\t\t\t<\/a>\n\t<p>Bei uns vor Ort und in unserem Online-Shop f\u00fcr Fallschirmsport-Ausr\u00fcstung findest Du alles Zubeh\u00f6r, was Du beim Springen ben\u00f6tigst.<\/p>\n<p><strong>Wir f\u00fchren:<\/strong><\/p>\n<ul>\n<li>H\u00f6henmesser<\/li>\n<li>Sprungbrillen<\/li>\n<li>Packzubeh\u00f6r<\/li>\n<li>Zubeh\u00f6r f\u00fcr die Video- und Fotoausr\u00fcstung<\/li>\n<li>Fallschirmsysteme (nur vor Ort, inklusive Vermessung)<\/li>\n<li>Fallschirmersatzteile<\/li>\n<li>Leinen<\/li>\n<li>u.v.m.<\/li>\n<\/ul>\n\t\t\t<a href=\"https:\/\/shop.funjump.de\/\" target=\"_self\" role=\"button\" rel=\"noopener noreferrer\">\n\t\t\t\t\t\t\t\t\t\t\tzum Online-Shop\n\t\t<\/a>\n<h2>\n\t\tErfahrenes Personal und Werkstatt vor Ort\n\t<\/h2>\n\t<p>TAKE OFF ist ein Fallschirmtechnischer Betrieb (FTB) mit zwei professionellen, DFV-gepr\u00fcften Fallschirmtechnikern. Wir sind damit der einzige FTB im Berliner Raum. Alle unsere Fallschirme werden j\u00e4hrlich in unserer hauseigenen Werkstatt in Fehrbellin gepr\u00fcft.<\/p>\n<p>Unsere ca. 150m\u00b2 gro\u00dfe Rigging-Werkstatt ist ausgestattet mit Leuchtwand, beleuchtetem Glastisch, Hot-Knife, schwerer Gurtn\u00e4hmaschine, Einfassbandn\u00e4hmaschine, Zick-Zack-N\u00e4hmaschine, Riegel-Automaten und gro\u00dfem Materiallager.<\/p>\n<h2>\n\t\tDeine Ansprechpartner\n\t<\/h2>\n<h3>\n\t\tVit Zurek\n\t<\/h3>\n\t\t\t\t<img decoding=\"async\" src=\"https:\/\/www.funjump.de\/wp-content\/uploads\/sites\/3\/2019\/03\/takeoff_fallschirmsport-team-vit-240x240.jpg\" alt=\"takeoff_fallschirmsport-team-vit-240x240\" itemprop=\"image\" height=\"240\" width=\"240\" title=\"takeoff_fallschirmsport-team-vit-240x240\" onerror=\"this.style.display='none'\"  \/>\n\t<ul>\n<li>Mitarbeiter Bereich Technik und Rainbow Design<\/li>\n<li>Nach deutschem Recht gepr\u00fcfter Fallschirmtechniker<\/li>\n<li>\u00dcber 5.100 Spr\u00fcnge<\/li>\n<\/ul>\n<h3>\n\t\tOlaf \u201eFlirre\u201c Haubenrei\u00dfer\n\t<\/h3>\n\t\t\t\t<img decoding=\"async\" src=\"https:\/\/www.funjump.de\/wp-content\/uploads\/sites\/3\/2019\/03\/takeoff_fallschirmsport-team-flirre-240x240.jpg\" alt=\"takeoff_fallschirmsport-team-flirre-240x240\" itemprop=\"image\" height=\"240\" width=\"240\" title=\"takeoff_fallschirmsport-team-flirre-240x240\" onerror=\"this.style.display='none'\"  \/>\n\t<ul>\n<li>Mitarbeiter im Bereich Fallschirmtechnik und Fallschirmhandel<\/li>\n<li>Nach deutschem Recht gepr\u00fcfter Fallschirmtechniker<\/li>\n<li>Paraglider und Motorschirmpilot<\/li>\n<li>\u00dcber 7.500 Spr\u00fcnge<\/li>\n<\/ul>\n<h4>\n\t\tDu hast Fragen? Sende uns eine Nachricht\n\t<\/h4>\n\t\t\t<a href=\"\/kontakt\/\" target=\"_self\" role=\"button\" rel=\"noopener noreferrer\">\n\t\t\t\t\t\t\tKontakt\n\t\t<\/a>\n<h4>\n\t\tDu suchst Jumpsuits? Hier geht es zu rainbow design!\n\t<\/h4>\n\t\t\t<a href=\"http:\/\/www.rainbowsuits.com\/\" target=\"_self\" role=\"button\" rel=\"noopener noreferrer\">\n\t\t\t\t\t\t\tJumpsuits\n\t\t<\/a>\n","protected":false},"excerpt":{"rendered":"<p>Rigging, Ausr\u00fcstung &#038; Shop Wartung und Reparatur von Fallschirmsystemen (Rigging) Rigging \u2013 die Wartung von Fallschirmsystemen und das Packen von Reservefallschirmen \u2013 ist Vertrauenssache. Vertrauen bedingt Qualifikation \u2013 und genau die k\u00f6nnen wir seit 1995 bieten. Alle unsere Rigger sind hauptberuflich t\u00e4tig. Sie sind sehr erfahrene und aktive Springer. Unter Qualifikation verstehen wir auch die&hellip;<\/p>\n","protected":false},"author":4,"featured_media":0,"parent":0,"menu_order":0,"comment_status":"closed","ping_status":"closed","template":"","meta":{"editor_notices":[],"footnotes":""},"class_list":["post-223","page","type-page","status-publish","hentry"],"yoast_head":"<!-- This site is optimized with the Yoast SEO Premium plugin v27.4 (Yoast SEO v27.4) - https:\/\/yoast.com\/product\/yoast-seo-premium-wordpress\/ -->\n<title>Rigging &amp; Ausr\u00fcstung - funjump<\/title>\n<meta name=\"robots\" content=\"index, follow, max-snippet:-1, max-image-preview:large, max-video-preview:-1\" \/>\n<link rel=\"canonical\" href=\"https:\/\/www.funjump.de\/en\/rigging_und_ausruestung\/\" \/>\n<meta property=\"og:locale\" content=\"de_DE\" \/>\n<meta property=\"og:type\" content=\"article\" \/>\n<meta property=\"og:title\" content=\"Rigging &amp; Ausr\u00fcstung\" \/>\n<meta property=\"og:description\" content=\"Rigging, Ausr\u00fcstung &#038; Shop Wartung und Reparatur von Fallschirmsystemen (Rigging) Rigging \u2013 die Wartung von Fallschirmsystemen und das Packen von Reservefallschirmen \u2013 ist Vertrauenssache. Vertrauen bedingt Qualifikation \u2013 und genau die k\u00f6nnen wir seit 1995 bieten. Alle unsere Rigger sind hauptberuflich t\u00e4tig. Sie sind sehr erfahrene und aktive Springer. Unter Qualifikation verstehen wir auch die&hellip;\" \/>\n<meta property=\"og:url\" content=\"https:\/\/www.funjump.de\/en\/rigging_und_ausruestung\/\" \/>\n<meta property=\"og:site_name\" content=\"funjump\" \/>\n<meta property=\"article:modified_time\" content=\"2019-03-22T14:11:10+00:00\" \/>\n<meta property=\"og:image\" content=\"https:\/\/www.funjump.de\/wp-content\/uploads\/sites\/3\/2019\/03\/i_rigging_ausruestung_shop.png\" \/>\n<meta name=\"twitter:card\" content=\"summary_large_image\" \/>\n<meta name=\"twitter:label1\" content=\"Gesch\u00e4tzte Lesezeit\" \/>\n\t<meta name=\"twitter:data1\" content=\"2\u00a0Minuten\" \/>\n<script type=\"application\/ld+json\" class=\"yoast-schema-graph\">{\"@context\":\"https:\\\/\\\/schema.org\",\"@graph\":[{\"@type\":\"WebPage\",\"@id\":\"https:\\\/\\\/www.funjump.de\\\/en\\\/rigging_und_ausruestung\\\/\",\"url\":\"https:\\\/\\\/www.funjump.de\\\/en\\\/rigging_und_ausruestung\\\/\",\"name\":\"Rigging & Ausr\u00fcstung - funjump\",\"isPartOf\":{\"@id\":\"https:\\\/\\\/www.funjump.de\\\/en\\\/#website\"},\"primaryImageOfPage\":{\"@id\":\"https:\\\/\\\/www.funjump.de\\\/en\\\/rigging_und_ausruestung\\\/#primaryimage\"},\"image\":{\"@id\":\"https:\\\/\\\/www.funjump.de\\\/en\\\/rigging_und_ausruestung\\\/#primaryimage\"},\"thumbnailUrl\":\"https:\\\/\\\/www.funjump.de\\\/wp-content\\\/uploads\\\/sites\\\/3\\\/2019\\\/03\\\/i_rigging_ausruestung_shop.png\",\"datePublished\":\"2019-02-28T18:15:00+00:00\",\"dateModified\":\"2019-03-22T14:11:10+00:00\",\"breadcrumb\":{\"@id\":\"https:\\\/\\\/www.funjump.de\\\/en\\\/rigging_und_ausruestung\\\/#breadcrumb\"},\"inLanguage\":\"de\",\"potentialAction\":[{\"@type\":\"ReadAction\",\"target\":[\"https:\\\/\\\/www.funjump.de\\\/en\\\/rigging_und_ausruestung\\\/\"]}]},{\"@type\":\"ImageObject\",\"inLanguage\":\"de\",\"@id\":\"https:\\\/\\\/www.funjump.de\\\/en\\\/rigging_und_ausruestung\\\/#primaryimage\",\"url\":\"https:\\\/\\\/www.funjump.de\\\/wp-content\\\/uploads\\\/sites\\\/3\\\/2019\\\/03\\\/i_rigging_ausruestung_shop.png\",\"contentUrl\":\"https:\\\/\\\/www.funjump.de\\\/wp-content\\\/uploads\\\/sites\\\/3\\\/2019\\\/03\\\/i_rigging_ausruestung_shop.png\"},{\"@type\":\"BreadcrumbList\",\"@id\":\"https:\\\/\\\/www.funjump.de\\\/en\\\/rigging_und_ausruestung\\\/#breadcrumb\",\"itemListElement\":[{\"@type\":\"ListItem\",\"position\":1,\"name\":\"Startseite\",\"item\":\"https:\\\/\\\/www.funjump.de\\\/en\\\/\"},{\"@type\":\"ListItem\",\"position\":2,\"name\":\"Rigging &#038; Ausr\u00fcstung\"}]},{\"@type\":\"WebSite\",\"@id\":\"https:\\\/\\\/www.funjump.de\\\/en\\\/#website\",\"url\":\"https:\\\/\\\/www.funjump.de\\\/en\\\/\",\"name\":\"funjump\",\"description\":\"Tandemsprung\\\/Fallschirmspringen nur 30 min von Berlin\",\"potentialAction\":[{\"@type\":\"SearchAction\",\"target\":{\"@type\":\"EntryPoint\",\"urlTemplate\":\"https:\\\/\\\/www.funjump.de\\\/en\\\/?s={search_term_string}\"},\"query-input\":{\"@type\":\"PropertyValueSpecification\",\"valueRequired\":true,\"valueName\":\"search_term_string\"}}],\"inLanguage\":\"de\"}]}<\/script>\n<!-- \/ Yoast SEO Premium plugin. -->","yoast_head_json":{"title":"Rigging & Ausr\u00fcstung - funjump","robots":{"index":"index","follow":"follow","max-snippet":"max-snippet:-1","max-image-preview":"max-image-preview:large","max-video-preview":"max-video-preview:-1"},"canonical":"https:\/\/www.funjump.de\/en\/rigging_und_ausruestung\/","og_locale":"de_DE","og_type":"article","og_title":"Rigging & Ausr\u00fcstung","og_description":"Rigging, Ausr\u00fcstung &#038; Shop Wartung und Reparatur von Fallschirmsystemen (Rigging) Rigging \u2013 die Wartung von Fallschirmsystemen und das Packen von Reservefallschirmen \u2013 ist Vertrauenssache. Vertrauen bedingt Qualifikation \u2013 und genau die k\u00f6nnen wir seit 1995 bieten. Alle unsere Rigger sind hauptberuflich t\u00e4tig. Sie sind sehr erfahrene und aktive Springer. Unter Qualifikation verstehen wir auch die&hellip;","og_url":"https:\/\/www.funjump.de\/en\/rigging_und_ausruestung\/","og_site_name":"funjump","article_modified_time":"2019-03-22T14:11:10+00:00","og_image":[{"url":"https:\/\/www.funjump.de\/wp-content\/uploads\/sites\/3\/2019\/03\/i_rigging_ausruestung_shop.png","type":"","width":"","height":""}],"twitter_card":"summary_large_image","twitter_misc":{"Gesch\u00e4tzte Lesezeit":"2\u00a0Minuten"},"schema":{"@context":"https:\/\/schema.org","@graph":[{"@type":"WebPage","@id":"https:\/\/www.funjump.de\/en\/rigging_und_ausruestung\/","url":"https:\/\/www.funjump.de\/en\/rigging_und_ausruestung\/","name":"Rigging & Ausr\u00fcstung - funjump","isPartOf":{"@id":"https:\/\/www.funjump.de\/en\/#website"},"primaryImageOfPage":{"@id":"https:\/\/www.funjump.de\/en\/rigging_und_ausruestung\/#primaryimage"},"image":{"@id":"https:\/\/www.funjump.de\/en\/rigging_und_ausruestung\/#primaryimage"},"thumbnailUrl":"https:\/\/www.funjump.de\/wp-content\/uploads\/sites\/3\/2019\/03\/i_rigging_ausruestung_shop.png","datePublished":"2019-02-28T18:15:00+00:00","dateModified":"2019-03-22T14:11:10+00:00","breadcrumb":{"@id":"https:\/\/www.funjump.de\/en\/rigging_und_ausruestung\/#breadcrumb"},"inLanguage":"de","potentialAction":[{"@type":"ReadAction","target":["https:\/\/www.funjump.de\/en\/rigging_und_ausruestung\/"]}]},{"@type":"ImageObject","inLanguage":"de","@id":"https:\/\/www.funjump.de\/en\/rigging_und_ausruestung\/#primaryimage","url":"https:\/\/www.funjump.de\/wp-content\/uploads\/sites\/3\/2019\/03\/i_rigging_ausruestung_shop.png","contentUrl":"https:\/\/www.funjump.de\/wp-content\/uploads\/sites\/3\/2019\/03\/i_rigging_ausruestung_shop.png"},{"@type":"BreadcrumbList","@id":"https:\/\/www.funjump.de\/en\/rigging_und_ausruestung\/#breadcrumb","itemListElement":[{"@type":"ListItem","position":1,"name":"Startseite","item":"https:\/\/www.funjump.de\/en\/"},{"@type":"ListItem","position":2,"name":"Rigging &#038; Ausr\u00fcstung"}]},{"@type":"WebSite","@id":"https:\/\/www.funjump.de\/en\/#website","url":"https:\/\/www.funjump.de\/en\/","name":"funjump","description":"Tandemsprung\/Fallschirmspringen nur 30 min von Berlin","potentialAction":[{"@type":"SearchAction","target":{"@type":"EntryPoint","urlTemplate":"https:\/\/www.funjump.de\/en\/?s={search_term_string}"},"query-input":{"@type":"PropertyValueSpecification","valueRequired":true,"valueName":"search_term_string"}}],"inLanguage":"de"}]}},"_links":{"self":[{"href":"https:\/\/www.funjump.de\/en\/wp-json\/wp\/v2\/pages\/223","targetHints":{"allow":["GET"]}}],"collection":[{"href":"https:\/\/www.funjump.de\/en\/wp-json\/wp\/v2\/pages"}],"about":[{"href":"https:\/\/www.funjump.de\/en\/wp-json\/wp\/v2\/types\/page"}],"author":[{"embeddable":true,"href":"https:\/\/www.funjump.de\/en\/wp-json\/wp\/v2\/users\/4"}],"replies":[{"embeddable":true,"href":"https:\/\/www.funjump.de\/en\/wp-json\/wp\/v2\/comments?post=223"}],"version-history":[{"count":8,"href":"https:\/\/www.funjump.de\/en\/wp-json\/wp\/v2\/pages\/223\/revisions"}],"predecessor-version":[{"id":1925,"href":"https:\/\/www.funjump.de\/en\/wp-json\/wp\/v2\/pages\/223\/revisions\/1925"}],"wp:attachment":[{"href":"https:\/\/www.funjump.de\/en\/wp-json\/wp\/v2\/media?parent=223"}],"curies":[{"name":"wp","href":"https:\/\/api.w.org\/{rel}","templated":true}]}}